{"id":1260,"date":"2022-01-17T16:43:13","date_gmt":"2022-01-17T15:43:13","guid":{"rendered":"https:\/\/exsportus.eu\/inicio\/"},"modified":"2022-01-17T16:43:13","modified_gmt":"2022-01-17T15:43:13","slug":"inicio","status":"publish","type":"page","link":"https:\/\/exsportus.eu\/pt-pt\/","title":{"rendered":"Inicio"},"content":{"rendered":"\t\t<div data-elementor-type=\"wp-page\" data-elementor-id=\"1260\" class=\"elementor elementor-1260 elementor-14\">\n\t\t\t\t\t\t\t\t\t<section class=\"elementor-section elementor-top-section elementor-element elementor-element-5de5d70 elementor-section-boxed elementor-section-height-default elementor-section-height-default\" data-id=\"5de5d70\" data-element_type=\"section\" data-settings=\"{&quot;background_background&quot;:&quot;classic&quot;}\">\n\t\t\t\t\t\t<div class=\"elementor-container elementor-column-gap-default\">\n\t\t\t\t\t<div class=\"elementor-column elementor-col-50 elementor-top-column elementor-element elementor-element-1c5b496\" data-id=\"1c5b496\" data-element_type=\"column\" data-settings=\"{&quot;background_background&quot;:&quot;classic&quot;,&quot;background_motion_fx_motion_fx_scrolling&quot;:&quot;yes&quot;,&quot;background_motion_fx_devices&quot;:[&quot;desktop&quot;,&quot;tablet&quot;,&quot;mobile&quot;]}\">\n\t\t\t<div class=\"elementor-widget-wrap elementor-element-populated\">\n\t\t\t\t\t\t\t\t<div class=\"elementor-element elementor-element-bd44213 elementor-widget elementor-widget-spacer\" data-id=\"bd44213\" data-element_type=\"widget\" data-widget_type=\"spacer.default\">\n\t\t\t\t<div class=\"elementor-widget-container\">\n\t\t\t<style>\/*! elementor - v3.13.3 - 28-05-2023 *\/\n.elementor-column .elementor-spacer-inner{height:var(--spacer-size)}.e-con{--container-widget-width:100%}.e-con-inner>.elementor-widget-spacer,.e-con>.elementor-widget-spacer{width:var(--container-widget-width,var(--spacer-size));--align-self:var(--container-widget-align-self,initial);--flex-shrink:0}.e-con-inner>.elementor-widget-spacer>.elementor-widget-container,.e-con-inner>.elementor-widget-spacer>.elementor-widget-container>.elementor-spacer,.e-con>.elementor-widget-spacer>.elementor-widget-container,.e-con>.elementor-widget-spacer>.elementor-widget-container>.elementor-spacer{height:100%}.e-con-inner>.elementor-widget-spacer>.elementor-widget-container>.elementor-spacer>.elementor-spacer-inner,.e-con>.elementor-widget-spacer>.elementor-widget-container>.elementor-spacer>.elementor-spacer-inner{height:var(--container-widget-height,var(--spacer-size))}<\/style>\t\t<div class=\"elementor-spacer\">\n\t\t\t<div class=\"elementor-spacer-inner\"><\/div>\n\t\t<\/div>\n\t\t\t\t<\/div>\n\t\t\t\t<\/div>\n\t\t\t\t\t<\/div>\n\t\t<\/div>\n\t\t\t\t<div class=\"elementor-column elementor-col-50 elementor-top-column elementor-element elementor-element-849d858\" data-id=\"849d858\" data-element_type=\"column\" data-settings=\"{&quot;background_background&quot;:&quot;classic&quot;}\">\n\t\t\t<div class=\"elementor-widget-wrap elementor-element-populated\">\n\t\t\t\t\t\t\t\t<div class=\"elementor-element elementor-element-6c4eb22 elementor-widget elementor-widget-heading\" data-id=\"6c4eb22\" data-element_type=\"widget\" data-widget_type=\"heading.default\">\n\t\t\t\t<div class=\"elementor-widget-container\">\n\t\t\t<style>\/*! elementor - v3.13.3 - 28-05-2023 *\/\n.elementor-heading-title{padding:0;margin:0;line-height:1}.elementor-widget-heading .elementor-heading-title[class*=elementor-size-]>a{color:inherit;font-size:inherit;line-height:inherit}.elementor-widget-heading .elementor-heading-title.elementor-size-small{font-size:15px}.elementor-widget-heading .elementor-heading-title.elementor-size-medium{font-size:19px}.elementor-widget-heading .elementor-heading-title.elementor-size-large{font-size:29px}.elementor-widget-heading .elementor-heading-title.elementor-size-xl{font-size:39px}.elementor-widget-heading .elementor-heading-title.elementor-size-xxl{font-size:59px}<\/style><h2 class=\"elementor-heading-title elementor-size-default\"><b>KA2<\/b> - Coopera\u00e7\u00e3o para inova\u00e7\u00e3o e para o intercambio de boas praticas.<\/h2>\t\t<\/div>\n\t\t\t\t<\/div>\n\t\t\t\t<div class=\"elementor-element elementor-element-9d20537 elementor-widget elementor-widget-heading\" data-id=\"9d20537\" data-element_type=\"widget\" data-widget_type=\"heading.default\">\n\t\t\t\t<div class=\"elementor-widget-container\">\n\t\t\t<h2 class=\"elementor-heading-title elementor-size-default\"><b>KA205<\/b> - Parcerias estrat\u00e9gicas para a juventude<\/h2>\t\t<\/div>\n\t\t\t\t<\/div>\n\t\t\t\t<div class=\"elementor-element elementor-element-689f43a elementor-widget elementor-widget-text-editor\" data-id=\"689f43a\" data-element_type=\"widget\" data-widget_type=\"text-editor.default\">\n\t\t\t\t<div class=\"elementor-widget-container\">\n\t\t\t<style>\/*! elementor - v3.13.3 - 28-05-2023 *\/\n.elementor-widget-text-editor.elementor-drop-cap-view-stacked .elementor-drop-cap{background-color:#69727d;color:#fff}.elementor-widget-text-editor.elementor-drop-cap-view-framed .elementor-drop-cap{color:#69727d;border:3px solid;background-color:transparent}.elementor-widget-text-editor:not(.elementor-drop-cap-view-default) .elementor-drop-cap{margin-top:8px}.elementor-widget-text-editor:not(.elementor-drop-cap-view-default) .elementor-drop-cap-letter{width:1em;height:1em}.elementor-widget-text-editor .elementor-drop-cap{float:left;text-align:center;line-height:1;font-size:50px}.elementor-widget-text-editor .elementor-drop-cap-letter{display:inline-block}<\/style>\t\t\t\t<p>O projeto ExSport Us Erasmus+ aborda o fen\u00f3meno do bullying entre os jovens.<br \/>\nO projeto foca-se na utiliza\u00e7\u00e3o da educa\u00e7\u00e3o n\u00e3o-formal e do desporto como instrumentos de educa\u00e7\u00e3o inclusiva, a fim de promover a inclus\u00e3o social.<br \/>\nEste projeto \u00e9 uma colabora\u00e7\u00e3o entre a Champions Factory (Bulg\u00e1ria), Aventura Mar\u00e3o Clube (Portugal) e L\u2019Orma (It\u00e1lia)<\/p>\n\t\t\t\t\t\t<\/div>\n\t\t\t\t<\/div>\n\t\t\t\t\t<\/div>\n\t\t<\/div>\n\t\t\t\t\t\t\t<\/div>\n\t\t<\/section>\n\t\t\t\t<section class=\"elementor-section elementor-top-section elementor-element elementor-element-550baf9 elementor-section-boxed elementor-section-height-default elementor-section-height-default\" data-id=\"550baf9\" data-element_type=\"section\">\n\t\t\t\t\t\t<div class=\"elementor-container elementor-column-gap-default\">\n\t\t\t\t\t<div class=\"elementor-column elementor-col-100 elementor-top-column elementor-element elementor-element-ed41e8e\" data-id=\"ed41e8e\" data-element_type=\"column\">\n\t\t\t<div class=\"elementor-widget-wrap elementor-element-populated\">\n\t\t\t\t\t\t\t\t<div class=\"elementor-element elementor-element-e091350 elementor-widget elementor-widget-theme-site-logo elementor-widget-image\" data-id=\"e091350\" data-element_type=\"widget\" data-widget_type=\"theme-site-logo.default\">\n\t\t\t\t<div class=\"elementor-widget-container\">\n\t\t\t<style>\/*! elementor - v3.13.3 - 28-05-2023 *\/\n.elementor-widget-image{text-align:center}.elementor-widget-image a{display:inline-block}.elementor-widget-image a img[src$=\".svg\"]{width:48px}.elementor-widget-image img{vertical-align:middle;display:inline-block}<\/style>\t\t\t\t\t\t\t\t\t\t\t\t\t<a href=\"https:\/\/exsportus.eu\/pt-pt\/\">\n\t\t\t\t\t\t\t<img loading=\"lazy\" decoding=\"async\" width=\"6945\" height=\"2472\" src=\"https:\/\/exsportus.eu\/wp-content\/uploads\/2021\/10\/logo-sfondo-chiaro.png\" class=\"attachment-full size-full wp-image-192\" alt=\"\" srcset=\"https:\/\/exsportus.eu\/wp-content\/uploads\/2021\/10\/logo-sfondo-chiaro.png 6945w, https:\/\/exsportus.eu\/wp-content\/uploads\/2021\/10\/logo-sfondo-chiaro-300x107.png 300w, https:\/\/exsportus.eu\/wp-content\/uploads\/2021\/10\/logo-sfondo-chiaro-1024x364.png 1024w, https:\/\/exsportus.eu\/wp-content\/uploads\/2021\/10\/logo-sfondo-chiaro-768x273.png 768w, https:\/\/exsportus.eu\/wp-content\/uploads\/2021\/10\/logo-sfondo-chiaro-1536x547.png 1536w, https:\/\/exsportus.eu\/wp-content\/uploads\/2021\/10\/logo-sfondo-chiaro-2048x729.png 2048w\" sizes=\"auto, (max-width: 6945px) 100vw, 6945px\" \/>\t\t\t\t\t\t\t\t<\/a>\n\t\t\t\t\t\t\t\t\t\t\t\t\t\t\t<\/div>\n\t\t\t\t<\/div>\n\t\t\t\t<div class=\"elementor-element elementor-element-29ff6d0 elementor-align-center elementor-widget elementor-widget-button\" data-id=\"29ff6d0\" data-element_type=\"widget\" data-widget_type=\"button.default\">\n\t\t\t\t<div class=\"elementor-widget-container\">\n\t\t\t\t\t<div class=\"elementor-button-wrapper\">\n\t\t\t<a href=\"https:\/\/exsportus.eu\/about\/\" class=\"elementor-button-link elementor-button elementor-size-sm\" role=\"button\">\n\t\t\t\t\t\t<span class=\"elementor-button-content-wrapper\">\n\t\t\t\t\t\t<span class=\"elementor-button-text\">Sobre o projeto<\/span>\n\t\t<\/span>\n\t\t\t\t\t<\/a>\n\t\t<\/div>\n\t\t\t\t<\/div>\n\t\t\t\t<\/div>\n\t\t\t\t\t<\/div>\n\t\t<\/div>\n\t\t\t\t\t\t\t<\/div>\n\t\t<\/section>\n\t\t\t\t\t\t\t<\/div>\n\t\t","protected":false},"excerpt":{"rendered":"<p>KA2 &#8211; Coopera\u00e7\u00e3o para inova\u00e7\u00e3o e para o intercambio de boas praticas. KA205 &#8211; Parcerias estrat\u00e9gicas para a juventude O projeto ExSport Us Erasmus+ aborda o fen\u00f3meno do bullying entre os jovens. O projeto foca-se na utiliza\u00e7\u00e3o da educa\u00e7\u00e3o n\u00e3o-formal e do desporto como instrumentos de educa\u00e7\u00e3o inclusiva, a fim de promover a inclus\u00e3o social. [&hellip;]<\/p>\n","protected":false},"author":1,"featured_media":0,"parent":0,"menu_order":0,"comment_status":"closed","ping_status":"closed","template":"","meta":{"footnotes":""},"class_list":["post-1260","page","type-page","status-publish","hentry"],"_links":{"self":[{"href":"https:\/\/exsportus.eu\/pt-pt\/wp-json\/wp\/v2\/pages\/1260","targetHints":{"allow":["GET"]}}],"collection":[{"href":"https:\/\/exsportus.eu\/pt-pt\/wp-json\/wp\/v2\/pages"}],"about":[{"href":"https:\/\/exsportus.eu\/pt-pt\/wp-json\/wp\/v2\/types\/page"}],"author":[{"embeddable":true,"href":"https:\/\/exsportus.eu\/pt-pt\/wp-json\/wp\/v2\/users\/1"}],"replies":[{"embeddable":true,"href":"https:\/\/exsportus.eu\/pt-pt\/wp-json\/wp\/v2\/comments?post=1260"}],"version-history":[{"count":1,"href":"https:\/\/exsportus.eu\/pt-pt\/wp-json\/wp\/v2\/pages\/1260\/revisions"}],"predecessor-version":[{"id":1261,"href":"https:\/\/exsportus.eu\/pt-pt\/wp-json\/wp\/v2\/pages\/1260\/revisions\/1261"}],"wp:attachment":[{"href":"https:\/\/exsportus.eu\/pt-pt\/wp-json\/wp\/v2\/media?parent=1260"}],"curies":[{"name":"wp","href":"https:\/\/api.w.org\/{rel}","templated":true}]}}